{"id":18,"date":"2022-11-04T09:24:42","date_gmt":"2022-11-04T09:24:42","guid":{"rendered":"http:\/\/pointscan.hu\/?page_id=18"},"modified":"2025-10-05T17:12:33","modified_gmt":"2025-10-05T17:12:33","slug":"mesmerize","status":"publish","type":"page","link":"https:\/\/pointscan.hu\/","title":{"rendered":"Front Page"},"content":{"rendered":"<div  id=\"features\" style=\"background-color: #ffffff;\" data-label=\"Szolg\u00e1ltat\u00e1sok\" data-id=\"features-ov-4-mc\" data-export-id=\"features-ov-4-mc\" data-category=\"features\" class=\"features-ov-4-mc content-section content-section-spacing full-screen-section\" data-bullets-visibility=\"true\">\n<div  class=\"gridContainer\">\n<div  data-type=\"row\" class=\"row spaced-cols text-center\">\n<div  class=\"col-xs-12 col-sm-4 col-padding\">\n\n<a  data-cp-link=\"1\" href=\"#survey\" target=\"_self\" rel=\"noopener\"><i  class=\"fa icon shadow-large-black aligncenter color1 fa-map-o reverse round large\"><\/i><\/a>\n<div  data-type=\"column\" class=\"\">\n<h5  class=\"font-400\">Geod\u00e9zia<\/h5>\n<p  class=\"\">Hagyom\u00e1nyos f\u00f6ldm\u00e9r\u00e9si feladatok: <b >tervez\u00e9si t\u00e9rk\u00e9p<\/b> k\u00e9sz\u00edt\u00e9s, <b >kit\u0171z\u00e9s<\/b>i feladatok, valamint\n<br >ingatlan-nyilv\u00e1ntart\u00e1si feladatok, \u00fagymint <b >\u00e9p\u00fcletfelt\u00fcntet\u00e9s<\/b>, <b >telekalak\u00edt\u00e1sok<\/b> elv\u00e9gz\u00e9se<\/p>\n\n<\/div>\n<\/div>\n<div  class=\"col-xs-12 col-sm-4 col-padding\">\n\n<a  data-cp-link=\"1\" href=\"#3d-laserscan\" target=\"_self\" rel=\"noopener\"><i  class=\"fa icon shadow-large-black aligncenter color2 fa-delicious reverse round large\"><\/i><\/a>\n<div  data-type=\"column\" class=\"\">\n<h5  class=\"font-400\">3D L\u00e9zerszkennel\u00e9s<\/h5>\n<p  class=\"\">Korszer\u0171 3D l\u00e9zerszkennel\u00e9s az \u00e9p\u00edt\u0151ipari tev\u00e9kenys\u00e9gek t\u00e1mogat\u00e1s\u00e1ra:\n\n<br ><b >pontfelh\u0151 <\/b>l\u00e9trehoz\u00e1sa az <b >\u00e1llapotfelm\u00e9r\u00e9s<\/b>t\u0151l&nbsp; eg\u00e9szen a <b >BIM modell<\/b>ekhez sz\u00fcks\u00e9ges felm\u00e9r\u00e9sig<\/p>\n\n<\/div>\n<\/div>\n<div  class=\"col-xs-12 col-sm-4 col-padding\">\n\n<a  data-cp-link=\"1\" href=\"#model\" target=\"_self\" rel=\"noopener\"><i  class=\"fa icon shadow-large-black aligncenter color4 fa-building-o reverse round large\"><\/i><\/a>\n<div  data-type=\"column\" class=\"\">\n<h5  class=\"font-400\">Modellez\u00e9s<\/h5>\n<p  class=\"\">Pontfelh\u0151 alapj\u00e1n <b >modell\u00e9p\u00edt\u00e9s<\/b>, tervdokument\u00e1ci\u00f3 el\u0151\u00e1ll\u00edt\u00e1sa a 2D alaprajzok, metszetekt\u0151l eg\u00e9szen <b >BIM modell<\/b>ig.<\/p>\n\n<\/div>\n<\/div>\n<\/div>\n<\/div>\n<\/div><div  data-label=\"Geod\u00e9zia\" data-id=\"content--1\" data-export-id=\"content-7-mc\" data-category=\"content\" class=\"content-7-mc content-section content-section-spacing full-screen-section\" id=\"survey\" style=\"background-color: #f5fafd;\" data-bullets-visibility=\"true\">\n<div  class=\"gridContainer\">\n<div  class=\"row middle-sm\">\n<div  class=\"col-sm-6 space-bottom-xs\" data-type=\"column\">\n<h2  class=\"\">Geod\u00e9ziai felm\u00e9r\u00e9sek<\/h2>\n<p  class=\"\"><b >Teljesk\u00f6r\u0171 geod\u00e9ziai munkav\u00e9gz\u00e9s<\/b>re v\u00e1llalkozunk t\u00f6bb \u00e9ves munkatapasztalalttal:<br ><br >\u2013 <b >Tervez\u00e9si t\u00e9rk\u00e9pek<\/b> k\u00e9sz\u00edt\u00e9se, telken bel\u00fcli felm\u00e9r\u00e9sek.<br ><br >\u2013 Megl\u00e9v\u0151 <b >\u00e9p\u00fcletek<\/b> teljesk\u00f6r\u0171 <b >k\u00fcls\u0151 \/ bels\u0151 felm\u00e9r\u00e9se<\/b>, <b >alaprajzok,<\/b> <b >helysz\u00ednrajzok, homlokzatrajzok<\/b> k\u00e9sz\u00edt\u00e9se.<br ><br ><b ><u >Ingatlan-nyilv\u00e1ntart\u00e1si munk\u00e1k, v\u00e1zrajzok k\u00e9sz\u00edt\u00e9se:<\/u><\/b><br ><br >\u2013 <b >\u00c9p\u00fclet felt\u00fcntet\u00e9s\/ t\u00f6rl\u00e9s<\/b>: \u00faj, vagy megl\u00e9v\u0151 \u00e9p\u00fclet f\u00f6ldhivatali\/tulajdoni lapi felt\u00fcntet\u00e9se, elbontott \u00e9p\u00fcletek t\u00f6rl\u00e9se<br ><br >\u2013 <b >T\u00e1rsash\u00e1zi alap\u00edt\u00f3 okirat<\/b>hoz \/ vagy m\u00f3dos\u00edt\u00e1s\u00e1hoz szintenk\u00e9nti<b > v\u00e1ltoz\u00e1si v\u00e1zrajz<\/b>ok k\u00e9sz\u00edt\u00e9se.<br ><br >\u2013 <b >Telekalak\u00edt\u00e1si munk\u00e1k<\/b>hoz v\u00e1ltoz\u00e1si v\u00e1zrajz \u00e9s dokument\u00e1ci\u00f3 k\u00e9sz\u00edt\u00e9se:<br >   megoszt\u00e1s, telek \u00f6sszevon\u00e1s (egyes\u00edt\u00e9s), telekhat\u00e1r rendez\u00e9s, telekcsoport \u00fajraoszt\u00e1s. <br ><br >\u2013 <b >Szolgalmi \u00e9s egy\u00e9b jogok<\/b> tulajdoni lapra t\u00f6rt\u00e9n\u0151 bejegyz\u00e9s\u00e9hez v\u00e1zrajz k\u00e9sz\u00edt\u00e9se<br ><br >\u2013 <b >Haszn\u00e1lati megoszt\u00e1s<\/b>i v\u00e1zrajz k\u00e9sz\u00edt\u00e9se<br ><br >\u2013 Telekhat\u00e1r <b >kit\u0171z\u00e9se<\/b><\/p>\n<a  class=\"button color1\" href=\"#\" target=\"_self\" data-cp-link=\"1\" rel=\"noopener\">Tov\u00e1bb<\/a>\n\n<\/div>\n<div  class=\"col-sm-6\" data-type=\"column\"><img  decoding=\"async\" class=\"shadow-large\" src=\"http:\/\/pointscan.hu\/wp-content\/uploads\/2022\/11\/cropped-Kepernyokep-2022-11-05-220440.png\" title=\"cropped-Kepernyokep-2022-11-05-220440.png\" alt=\"\"><\/div>\n<\/div>\n<\/div>\n<\/div><div  id=\"3d-laserscan\" style=\"background-color: #ffffff;\" data-label=\"3D L\u00e9zerszken\" data-id=\"content-8-mc\" data-export-id=\"content-8-mc\" data-category=\"content\" class=\"content-8-mc content-section content-section-spacing full-screen-section\" data-bullets-visibility=\"true\">\n<div  class=\"gridContainer\">\n<div  class=\"row middle-sm\">\n<div  class=\"col-sm-6 space-bottom-xs space-top-xs\" data-type=\"column\"><img  decoding=\"async\" class=\"shadow-large\" src=\"http:\/\/pointscan.hu\/wp-content\/uploads\/2023\/05\/cropped-IMG_20170225_121436.jpg\" title=\"cropped-IMG_20170225_121436.jpg\" alt=\"\"><\/div>\n<div  class=\"col-sm-6\" data-type=\"column\">\n<h2  class=\"\">3D l\u00e9zerszkenneres felm\u00e9r\u00e9s<\/h2>\n<p  class=\"\">\u2013 \u00c9p\u00fcletek k\u00fcls\u0151 \u00e9s bels\u0151 felm\u00e9r\u00e9se modern technol\u00f3gi\u00e1val\n<br >\u2013 Reverse engineering t\u00e1mogat\u00e1sa<br >\u2013 \u00c9p\u00fcleten bel\u00fcli g\u00e9p\u00e9szeti felm\u00e9r\u00e9sek\n<br >\u2013 Kivitelez\u00e9s ut\u00e1ni megval\u00f3sult \u00e1llapot felm\u00e9r\u00e9se (pl: padl\u00f3szint egyenletlens\u00e9g kimutat\u00e1sa, stb)\n<br >\u2013 BIM rendszerek alapj\u00e1ul szolg\u00e1l\u00f3 felm\u00e9r\u00e9sek<\/p>\n<a  class=\"button color1\" href=\"#\" target=\"_self\" data-cp-link=\"1\" rel=\"noopener\">Tov\u00e1bb<\/a>\n\n<\/div>\n<\/div>\n<\/div>\n<\/div><div  data-label=\"Modellez\u00e9s\" data-id=\"content--2\" data-export-id=\"content-3\" data-category=\"content\" class=\"content-3 content-section content-section-spacing full-screen-section\" id=\"model\" style=\"background-color: #f5fafd;\" data-bullets-visibility=\"true\">\n<div >\n<div  class=\"row middle-xs\">\n<div  class=\"col-sm-7 full-col-left-padding full-col-right-padding\">\n<div  class=\"row\">\n<div  data-type=\"column\" class=\"space-bottom-small content-title-col\">\n<h2  class=\"\">Modellez\u00e9s<\/h2>\n<p  class=\"\">L\u00e9zerszkenneres felm\u00e9r\u00e9s alapj\u00e1n BIM \u00e9s egy\u00e9b modellez\u00e9s<\/p>\n\n<\/div>\n<\/div>\n<div  class=\"row spaced-cols\" data-type=\"row\">\n<div  class=\"col-xs-6\" data-type=\"column\">\n<h5  class=\"\"><\/h5>\n<p  class=\"\"><\/p>\n\n<\/div>\n<div  class=\"col-xs-6\" data-type=\"column\">\n<h5  class=\"\"><\/h5>\n<p  class=\"\"><\/p>\n\n<\/div>\n<div  class=\"col-xs-6\" data-type=\"column\">\n<h5  class=\"\">Fel\u00fclet modellez\u00e9s<\/h5>\n<p  class=\"\">\u2013 Domborzat modellek<\/p>\n\n<p  class=\"\">\u2013 Padl\u00f3szint egyenletlens\u00e9g kimutat\u00e1sa<\/p><\/div>\n<div  class=\"col-xs-6\" data-type=\"column\">\n<h5  class=\"\"><\/h5>\n<p  class=\"\"><\/p>\n\n<\/div>\n<\/div>\n<\/div>\n<div  class=\"col-sm-5 bg-image shadow-large-black revert-classes-holder\" data-bg=\"image\"><\/div>\n<\/div>\n<\/div>\n<\/div><div  id=\"kapcsolat\" style=\"background-color: #ffffff;\" data-label=\"Kapcsolat\" data-id=\"contact-1-mc\" data-export-id=\"contact-1-mc\" data-category=\"contact\" class=\"contact-1-mc content-section content-section-spacing white-text full-screen-section\" data-parallax-depth=\"20\" data-bullets-visibility=\"true\">\n<div  class=\"gridContainer\">\n<div  class=\"row text-center\">\n<div  class=\"section-title-col\" data-type=\"column\">\n<h2  class=\"\">POINTSCAN KFT. <\/h2>\n<p  class=\"lead\"><b >POINTSCAN Szolg\u00e1ltat\u00f3 Korl\u00e1tolt Felel\u0151ss\u00e9g\u0171 T\u00e1rsas\u00e1g\n<br ><br >\n\n<\/b>SZ\u00c9KHELY: 1031 Budapest, Szentendrei \u00fat 174\/A. 1. em. 2. ajt\u00f3<br >C\u00e9gjegyz\u00e9ksz\u00e1m:01-09-436631<br >A c\u00e9g statisztikai sz\u00e1mjele: 32672408-7112-113-01.<br >Ad\u00f3sz\u00e1m: 32672408-2-41.\n<br >K\u00e9pviselet\u00e9ben: Kib\u00e9dy Zolt\u00e1n \u00fcgyvezet\u0151<\/p>\n\n\n<p  class=\"lead\">3D l\u00e9zerszkennel\u00e9s, f\u00f6ldm\u00e9r\u00e9s, ingatlan-nyilv\u00e1ntart\u00e1si feladatok:&nbsp;+36 30 405 3687<\/p><a  class=\"link\" href=\"mailto:kibedy@pointscan.hu\" target=\"_self\" data-cp-link=\"1\" rel=\"noopener\">kibedy@pointscan.hu<\/a><\/div>\n<\/div>\n<div  class=\"row text-center\"><\/div>\n<\/div>\n<\/div><div  data-label=\"Portfolio\" data-id=\"portfolio--1\" data-export-id=\"portfolio-4\" data-category=\"portfolio\" class=\"portfolio-4 content-section content-section-spacing-top\" id=\"portfolio-1\" style=\"background-color: rgb(245, 250, 253);\"><div  class=\"\"> <div  class=\"row text-center\"><div  class=\"section-title-col\" data-type=\"column\"> <h2  class=\"\">Portfolio<\/h2> <p  class=\"lead\"><\/p><\/div> <\/div> <div  data-type=\"row\" class=\"row\" data-fixed=\"true\">  <div  class=\"col-xs-12 col-sm-3 no-gutter-col\"> <div  class=\"contentswap-effect\" data-hover-fx=\"portfolio-4\"> <div  class=\"initial-image\"> <img  decoding=\"async\" data-size=\"542x360\" src=\"http:\/\/pointscan.hu\/wp-content\/uploads\/2023\/05\/cropped-IMG_20170609_200432-1.jpg\"><\/div> <div  class=\"overlay bg-color1\"><\/div> <div  class=\"swap-inner col-xs-12\"> <div  class=\"row full-height-row middle-xs middle-sm\"> <div  class=\"col-xs-12 text-center content-holder\"> <a  href=\"#\" target=\"_self\"><i  class=\"fa icon portfolio-icon fa-search big\" aria-hidden=\"true\"><\/i><\/a><\/div> <\/div><\/div> <\/div><\/div> <div  class=\"col-xs-12 col-sm-3 no-gutter-col\"><div  class=\"contentswap-effect\" data-hover-fx=\"portfolio-4\"> <div  class=\"initial-image\"> <img  decoding=\"async\" data-size=\"542x360\" src=\"http:\/\/pointscan.hu\/wp-content\/uploads\/2024\/11\/cropped-ps_w02.jpg\"><\/div> <div  class=\"overlay bg-color1\"><\/div> <div  class=\"swap-inner col-xs-12\"> <div  class=\"row full-height-row middle-xs middle-sm\"> <div  class=\"col-xs-12 text-center content-holder\"> <a  href=\"#\" target=\"_self\"><i  class=\"fa icon portfolio-icon fa-search big\" aria-hidden=\"true\"><\/i><\/a><\/div> <\/div><\/div> <\/div><\/div> <div  class=\"col-xs-12 col-sm-3 no-gutter-col\"><div  class=\"contentswap-effect\" data-hover-fx=\"portfolio-4\"> <div  class=\"initial-image\"> <img  decoding=\"async\" data-size=\"542x360\" src=\"http:\/\/pointscan.hu\/wp-content\/uploads\/2024\/11\/cropped-Bszarszo053_Intensity.jpg\"><\/div> <div  class=\"overlay bg-color1\"><\/div> <div  class=\"swap-inner col-xs-12\"> <div  class=\"row full-height-row middle-xs middle-sm\"> <div  class=\"col-xs-12 text-center content-holder\"> <a  href=\"#\" target=\"_self\"><i  class=\"fa icon portfolio-icon fa-search big\" aria-hidden=\"true\"><\/i><\/a><\/div> <\/div><\/div> <\/div><\/div><div  class=\"col-xs-12 col-sm-3 no-gutter-col\"><div  class=\"contentswap-effect\" data-hover-fx=\"portfolio-4\"> <div  class=\"initial-image\"> <img  decoding=\"async\" data-size=\"542x360\" src=\"http:\/\/pointscan.hu\/wp-content\/uploads\/2024\/11\/cropped-ps_w03.jpg\"><\/div> <div  class=\"overlay bg-color1\"><\/div> <div  class=\"swap-inner col-xs-12\"> <div  class=\"row full-height-row middle-xs middle-sm\"> <div  class=\"col-xs-12 text-center content-holder\"> <a  href=\"#\" target=\"_self\"><i  class=\"fa icon portfolio-icon fa-search big\" aria-hidden=\"true\"><\/i><\/a><\/div> <\/div><\/div> <\/div><\/div> <div  class=\"col-xs-12 col-sm-3 no-gutter-col\"><div  class=\"contentswap-effect\" data-hover-fx=\"portfolio-4\"> <div  class=\"initial-image\"> <img  decoding=\"async\" data-size=\"542x360\" src=\"http:\/\/pointscan.hu\/wp-content\/uploads\/2023\/05\/cropped-IMG_20170203_090424.jpg\"><\/div> <div  class=\"overlay bg-color1\"><\/div> <div  class=\"swap-inner col-xs-12\"> <div  class=\"row full-height-row middle-xs middle-sm\"> <div  class=\"col-xs-12 text-center content-holder\"> <a  href=\"#\" target=\"_self\"><i  class=\"fa icon portfolio-icon fa-search big\" aria-hidden=\"true\"><\/i><\/a><\/div> <\/div><\/div> <\/div><\/div>  <div  class=\"col-xs-12 col-sm-3 no-gutter-col\"><div  class=\"contentswap-effect\" data-hover-fx=\"portfolio-4\"> <div  class=\"initial-image\"> <img  decoding=\"async\" data-size=\"542x360\" src=\"http:\/\/pointscan.hu\/wp-content\/uploads\/2024\/11\/cropped-IMG_20220108_144033-scaled-3.jpg\"><\/div> <div  class=\"overlay bg-color1\"><\/div> <div  class=\"swap-inner col-xs-12\"> <div  class=\"row full-height-row middle-xs middle-sm\"> <div  class=\"col-xs-12 text-center content-holder\"> <a  href=\"#\" target=\"_self\"><i  class=\"fa icon portfolio-icon fa-search big\" aria-hidden=\"true\"><\/i><\/a><\/div> <\/div><\/div> <\/div><\/div> <div  class=\"col-xs-12 col-sm-3 no-gutter-col\"><div  class=\"contentswap-effect\" data-hover-fx=\"portfolio-4\"> <div  class=\"initial-image\"> <img  decoding=\"async\" data-size=\"542x360\" src=\"http:\/\/pointscan.hu\/wp-content\/uploads\/2025\/07\/cropped-viber_kep_2025-07-18_14-26-22-348.jpg\"><\/div> <div  class=\"overlay bg-color1\"><\/div> <div  class=\"swap-inner col-xs-12\"> <div  class=\"row full-height-row middle-xs middle-sm\"> <div  class=\"col-xs-12 text-center content-holder\"> <a  href=\"#\" target=\"_self\"><i  class=\"fa icon portfolio-icon fa-search big\" aria-hidden=\"true\"><\/i><\/a><\/div> <\/div><\/div> <\/div><\/div> <div  class=\"col-xs-12 col-sm-3 no-gutter-col\"><div  class=\"contentswap-effect\" data-hover-fx=\"portfolio-4\"> <div  class=\"initial-image\"> <img  decoding=\"async\" data-size=\"542x360\" src=\"http:\/\/pointscan.hu\/wp-content\/uploads\/2023\/05\/cropped-IMG_20170225_121436-1.jpg\"><\/div> <div  class=\"overlay bg-color1\"><\/div> <div  class=\"swap-inner col-xs-12\"> <div  class=\"row full-height-row middle-xs middle-sm\"> <div  class=\"col-xs-12 text-center content-holder\"> <a  href=\"#\" target=\"_self\"><i  class=\"fa icon portfolio-icon fa-search big\" aria-hidden=\"true\"><\/i><\/a><\/div> <\/div><\/div> <\/div><\/div><\/div><\/div> <\/div>","protected":false},"excerpt":{"rendered":"<p>Geod\u00e9zia Hagyom\u00e1nyos f\u00f6ldm\u00e9r\u00e9si feladatok: tervez\u00e9si t\u00e9rk\u00e9p k\u00e9sz\u00edt\u00e9s, kit\u0171z\u00e9si feladatok, valamint ingatlan-nyilv\u00e1ntart\u00e1si feladatok, \u00fagymint \u00e9p\u00fcletfelt\u00fcntet\u00e9s, telekalak\u00edt\u00e1sok elv\u00e9gz\u00e9se 3D L\u00e9zerszkennel\u00e9s Korszer\u0171 3D l\u00e9zerszkennel\u00e9s az \u00e9p\u00edt\u0151ipari tev\u00e9kenys\u00e9gek t\u00e1mogat\u00e1s\u00e1ra: pontfelh\u0151 l\u00e9trehoz\u00e1sa az \u00e1llapotfelm\u00e9r\u00e9st\u0151l&nbsp; eg\u00e9szen a BIM modellekhez sz\u00fcks\u00e9ges felm\u00e9r\u00e9sig Modellez\u00e9s Pontfelh\u0151 alapj\u00e1n modell\u00e9p\u00edt\u00e9s, tervdokument\u00e1ci\u00f3 el\u0151\u00e1ll\u00edt\u00e1sa a 2D alaprajzok, metszetekt\u0151l eg\u00e9szen BIM modellig. Geod\u00e9ziai felm\u00e9r\u00e9sek Teljesk\u00f6r\u0171 geod\u00e9ziai munkav\u00e9gz\u00e9sre v\u00e1llalkozunk t\u00f6bb&hellip; <br \/> <a class=\"read-more\" href=\"https:\/\/pointscan.hu\/\">Read more<\/a><\/p>\n","protected":false},"author":1,"featured_media":0,"parent":0,"menu_order":0,"comment_status":"closed","ping_status":"closed","template":"page-templates\/homepage.php","meta":{"footnotes":""},"class_list":["post-18","page","type-page","status-publish","hentry"],"_links":{"self":[{"href":"https:\/\/pointscan.hu\/index.php?rest_route=\/wp\/v2\/pages\/18","targetHints":{"allow":["GET"]}}],"collection":[{"href":"https:\/\/pointscan.hu\/index.php?rest_route=\/wp\/v2\/pages"}],"about":[{"href":"https:\/\/pointscan.hu\/index.php?rest_route=\/wp\/v2\/types\/page"}],"author":[{"embeddable":true,"href":"https:\/\/pointscan.hu\/index.php?rest_route=\/wp\/v2\/users\/1"}],"replies":[{"embeddable":true,"href":"https:\/\/pointscan.hu\/index.php?rest_route=%2Fwp%2Fv2%2Fcomments&post=18"}],"version-history":[{"count":71,"href":"https:\/\/pointscan.hu\/index.php?rest_route=\/wp\/v2\/pages\/18\/revisions"}],"predecessor-version":[{"id":243,"href":"https:\/\/pointscan.hu\/index.php?rest_route=\/wp\/v2\/pages\/18\/revisions\/243"}],"wp:attachment":[{"href":"https:\/\/pointscan.hu\/index.php?rest_route=%2Fwp%2Fv2%2Fmedia&parent=18"}],"curies":[{"name":"wp","href":"https:\/\/api.w.org\/{rel}","templated":true}]}}